{"id":18,"date":"2014-08-13T10:21:34","date_gmt":"2014-08-13T08:21:34","guid":{"rendered":"http:\/\/cdsoft.ch\/it\/?page_id=18"},"modified":"2024-11-16T16:46:59","modified_gmt":"2024-11-16T14:46:59","slug":"dienstleistungen","status":"publish","type":"page","link":"https:\/\/www.cdsoft.ch\/de\/dienstleistungen\/","title":{"rendered":"Dienstleistungen"},"content":{"rendered":"<p>[et_pb_section fb_built=&#8220;1&#8243; fullwidth=&#8220;on&#8220; admin_label=&#8220;Hero&#8220; _builder_version=&#8220;4.27.3&#8243; background_image=&#8220;https:\/\/www.cdsoft.ch\/de\/wp-content\/uploads\/2024\/11\/pexels-godiatima-5223887.jpg&#8220; parallax=&#8220;on&#8220; custom_padding=&#8220;0px|0|0px|0px|false|false&#8220; animation_style=&#8220;fade&#8220; global_colors_info=&#8220;{}&#8220;][et_pb_fullwidth_header title=&#8220;Unsere Dienstleistungen&#8220; text_orientation=&#8220;center&#8220; admin_label=&#8220;Fullwidth Header&#8220; _builder_version=&#8220;4.27.3&#8243; title_font=&#8220;Share Tech||||||||&#8220; title_text_align=&#8220;center&#8220; title_font_size=&#8220;80px&#8220; title_line_height=&#8220;1.2em&#8220; content_font=&#8220;Open Sans||||||||&#8220; content_text_align=&#8220;center&#8220; content_font_size=&#8220;18px&#8220; content_line_height=&#8220;1.8em&#8220; background_color=&#8220;rgba(0,0,0,0)&#8220; use_background_color_gradient=&#8220;on&#8220; background_color_gradient_direction=&#8220;140deg&#8220; background_color_gradient_stops=&#8220;rgba(0,72,114,0.9) 0%|rgba(41,17,96,0.8) 100%&#8220; background_color_gradient_start=&#8220;rgba(0,72,114,0.9)&#8220; background_color_gradient_end=&#8220;rgba(41,17,96,0.8)&#8220; parallax=&#8220;on&#8220; parallax_method=&#8220;on&#8220; custom_button_one=&#8220;on&#8220; button_one_text_size=&#8220;15px&#8220; button_one_bg_color=&#8220;#ffa727&#8243; button_one_border_width=&#8220;15px&#8220; button_one_border_color=&#8220;#ffa727&#8243; button_one_border_radius=&#8220;100px&#8220; button_one_letter_spacing=&#8220;5px&#8220; button_one_font=&#8220;Open Sans|700||on|||||&#8220; custom_margin=&#8220;|||&#8220; custom_padding=&#8220;1vw||1vw||true|false&#8220; custom_padding_tablet=&#8220;100px||100px||true&#8220; custom_padding_phone=&#8220;|||&#8220; custom_padding_last_edited=&#8220;on|desktop&#8220; title_font_size_tablet=&#8220;60px&#8220; title_font_size_phone=&#8220;36px&#8220; title_font_size_last_edited=&#8220;on|phone&#8220; content_font_size_tablet=&#8220;&#8220; content_font_size_phone=&#8220;16px&#8220; content_font_size_last_edited=&#8220;on|phone&#8220; button_one_text_size_tablet=&#8220;&#8220; button_one_text_size_phone=&#8220;&#8220; button_one_text_size_last_edited=&#8220;on|desktop&#8220; button_one_border_color_hover=&#8220;#ff8a3d&#8220; button_one_border_radius_hover=&#8220;100px&#8220; button_one_letter_spacing_hover=&#8220;5px&#8220; button_one_bg_color_hover=&#8220;#ff8a3d&#8220; global_colors_info=&#8220;{}&#8220; button_one_text_size__hover_enabled=&#8220;off&#8220; button_two_text_size__hover_enabled=&#8220;off&#8220; button_one_text_color__hover_enabled=&#8220;off&#8220; button_two_text_color__hover_enabled=&#8220;off&#8220; button_one_border_width__hover_enabled=&#8220;off&#8220; button_two_border_width__hover_enabled=&#8220;off&#8220; button_one_border_color__hover_enabled=&#8220;on&#8220; button_one_border_color__hover=&#8220;#ff8a3d&#8220; button_two_border_color__hover_enabled=&#8220;off&#8220; button_one_border_radius__hover_enabled=&#8220;on&#8220; button_one_border_radius__hover=&#8220;100px&#8220; button_two_border_radius__hover_enabled=&#8220;off&#8220; button_one_letter_spacing__hover_enabled=&#8220;on&#8220; button_one_letter_spacing__hover=&#8220;5px&#8220; button_two_letter_spacing__hover_enabled=&#8220;off&#8220; button_one_bg_color__hover_enabled=&#8220;on&#8220; button_one_bg_color__hover=&#8220;#ff8a3d&#8220; button_two_bg_color__hover_enabled=&#8220;off&#8220;][\/et_pb_fullwidth_header][\/et_pb_section][et_pb_section fb_built=&#8220;1&#8243; admin_label=&#8220;Our Services&#8220; _builder_version=&#8220;4.27.3&#8243; custom_margin=&#8220;||||false|false&#8220; custom_padding=&#8220;0px||||false|false&#8220; global_colors_info=&#8220;{}&#8220;][et_pb_row column_structure=&#8220;1_2,1_2&#8243; _builder_version=&#8220;4.16&#8243; custom_margin=&#8220;|||&#8220; custom_padding=&#8220;|||&#8220; global_colors_info=&#8220;{}&#8220;][et_pb_column type=&#8220;1_2&#8243; _builder_version=&#8220;4.16&#8243; custom_padding=&#8220;|||&#8220; global_colors_info=&#8220;{}&#8220; custom_padding__hover=&#8220;|||&#8220;][et_pb_blurb title=&#8220;Massgeschneiderte L\u00f6sungen&#8220; image=&#8220;https:\/\/www.cdsoft.ch\/de\/wp-content\/uploads\/2024\/11\/line-icons-53.png&#8220; _builder_version=&#8220;4.27.3&#8243; header_font=&#8220;Share Tech||||||||&#8220; header_font_size=&#8220;24px&#8220; header_line_height=&#8220;1.2em&#8220; body_font=&#8220;Open Sans||||||||&#8220; body_font_size=&#8220;16px&#8220; body_line_height=&#8220;1.8em&#8220; background_color=&#8220;#ff8a3d&#8220; background_layout=&#8220;dark&#8220; custom_padding=&#8220;40px|30px|40px|30px|true|true&#8220; animation_style=&#8220;fold&#8220; animation=&#8220;off&#8220; global_colors_info=&#8220;{}&#8220;]<\/p>\n<p>CDsoft ist eine Unternehmung, die sich auf die Projektierung und die Entwicklung kundenspezifischer Software-L\u00f6sungen konzentriert. Die Hauptbereiche sind:<\/p>\n<ul class=\"normallist\">\n<li>Konzeptionierung und Implementierung von<br \/>\u2013 Webauftritten<br \/>\u2013 SharePoint \/ Office 365 L\u00f6sungen<br \/>\u2013 spezialisierten B\u00fcrol\u00f6sungen<\/li>\n<li>Integration von B\u00fcrosoftware und Web<\/li>\n<li>Automatisierungen in MS Office-Produkten<\/li>\n<\/ul>\n<p>Sie haben eine kleine oder mittlere Unternehmung und m\u00f6chten eine auf Sie abgestimmte Software, dann sind Sie bei uns genau richtig. Auf eine unverbindliche <a href=\"https:\/\/www.cdsoft.ch\/de\/dienstleistungen\/kontakt\">Anfrage<\/a> werden wir schnellstm\u00f6glichst antworten.<\/p>\n<p>[\/et_pb_blurb][\/et_pb_column][et_pb_column type=&#8220;1_2&#8243; _builder_version=&#8220;4.16&#8243; custom_padding=&#8220;|||&#8220; global_colors_info=&#8220;{}&#8220; custom_padding__hover=&#8220;|||&#8220;][et_pb_blurb title=&#8220;Schulungen \/ Beratung&#8220; image=&#8220;https:\/\/www.cdsoft.ch\/de\/wp-content\/uploads\/2024\/11\/lifesaver_64px.png&#8220; _builder_version=&#8220;4.27.3&#8243; header_font=&#8220;Share Tech||||||||&#8220; header_font_size=&#8220;24px&#8220; header_line_height=&#8220;1.2em&#8220; body_font=&#8220;Open Sans||||||||&#8220; body_font_size=&#8220;16px&#8220; body_line_height=&#8220;1.8em&#8220; background_color=&#8220;#f1f1f1&#8243; custom_padding=&#8220;40px|30px|40px|30px|true|true&#8220; animation_style=&#8220;fold&#8220; animation_delay=&#8220;150ms&#8220; animation=&#8220;off&#8220; locked=&#8220;off&#8220; global_colors_info=&#8220;{}&#8220;]<\/p>\n<p>Mit fundierter und langj\u00e4hriger Erfahrung in den Bereichen Microsoft SharePoint, Datenbanken, Internet, Workflow, objektorientiertes Programmieren bieten wir Beratung und Schulungen an in verschiedenen Bereichen:<\/p>\n<ul class=\"normallist\">\n<li>Office 365<br \/>\u2013 Effizienter Einsatz von Office 365 in Ihrem Unternehmen<br \/>\u2013 Administration von Office 365<\/li>\n<li>Erstellung von Webseiten mit Hilfe von WordPress<br \/>\u2013 Erstellung einfacher Webseiten innert weniger Minuten<br \/>\u2013 Einsatz vorhandener Plugins \/ Themes<br \/>\u2013 Anpassen bestehender Vorlagen<\/li>\n<li>Programmierung<br \/>\u2013 Konzept der objektorientierten Programmierung<br \/>\u2013 Design und Programmierung in C#, Java, Visual Basic<\/li>\n<li>Datenbankprogrammierung am Beispiel MS Access<br \/>\u2013 Datenbankdesign<br \/>\u2013 Erstellung von fortgeschrittenen Formularen und Berichten<br \/>\u2013 Programmierung in VBA<\/li>\n<li>Webentwicklungen<br \/>\u2013 Vorstellung diverser Technologien, wie zum Beispiel HTML, ASP.NET, JSP, PHP, JQuery, Java, JavaScript<\/li>\n<\/ul>\n<p>[\/et_pb_blurb][\/et_pb_column][\/et_pb_row][\/et_pb_section][et_pb_section fb_built=&#8220;1&#8243; custom_padding_last_edited=&#8220;off|desktop&#8220; admin_label=&#8220;Footer&#8220; _builder_version=&#8220;4.27.3&#8243; use_background_color_gradient=&#8220;on&#8220; background_color_gradient_direction=&#8220;140deg&#8220; background_color_gradient_stops=&#8220;#004872 0%|rgba(41,17,96,0.8) 100%&#8220; background_color_gradient_overlays_image=&#8220;on&#8220; background_color_gradient_start=&#8220;#004872&#8243; background_color_gradient_end=&#8220;rgba(41,17,96,0.8)&#8220; background_image=&#8220;https:\/\/www.cdsoft.ch\/de\/wp-content\/uploads\/2024\/11\/pexels-ron-lach-9783346.jpg&#8220; custom_margin=&#8220;|||&#8220; custom_padding=&#8220;120px|0px|120px|0px|true|false&#8220; custom_padding_tablet=&#8220;10vw||10vw||true&#8220; custom_padding_phone=&#8220;5vw||5vw||true&#8220; locked=&#8220;off&#8220; global_colors_info=&#8220;{}&#8220;][et_pb_row column_structure=&#8220;2_3,1_3&#8243; use_custom_gutter=&#8220;on&#8220; _builder_version=&#8220;4.16&#8243; custom_padding=&#8220;|||&#8220; use_custom_width=&#8220;on&#8220; global_colors_info=&#8220;{}&#8220;][et_pb_column type=&#8220;2_3&#8243; _builder_version=&#8220;4.16&#8243; custom_padding=&#8220;|||&#8220; global_colors_info=&#8220;{}&#8220; custom_padding__hover=&#8220;|||&#8220;][et_pb_contact_form use_spam_service=&#8220;on&#8220; recaptcha_list=&#8220;cdsoft|cdsoft-0&#8243; email=&#8220;<span class=\"oe_textdirection\">&#x68;&#x63;&#x2e;&#x74;&#x66;&#x6f;&#x73;&#x64;&#x63;<span class=\"oe_displaynone\">null<\/span>&#x40;&#x73;&#x67;&#x6e;&#x75;&#x72;&#x65;&#x64;<\/span>&#8220; title=&#8220;Wir beraten Sie gerne&#8220; success_message=&#8220;Vielen Dank f\u00fcr Ihre Anfrage. Wir melden uns in den n\u00e4chsten Tagen bei Ihnen und verbleiben mit Freundlichen Gr\u00fcssen.&#8220; submit_button_text=&#8220;Nachricht senden&#8220; module_id=&#8220;et_pb_contact_form_0&#8243; _builder_version=&#8220;4.27.3&#8243; form_field_background_color=&#8220;rgba(0,0,0,0.19)&#8220; form_field_text_color=&#8220;#ffffff&#8220; form_field_focus_background_color=&#8220;rgba(255,255,255,0.16)&#8220; form_field_focus_text_color=&#8220;#FFFFFF&#8220; title_level=&#8220;h2&#8243; title_font=&#8220;Share Tech||||||||&#8220; title_text_color=&#8220;#ffffff&#8220; title_font_size=&#8220;50px&#8220; title_line_height=&#8220;1.2em&#8220; captcha_text_color=&#8220;#FFFFFF&#8220; form_field_font=&#8220;Open Sans|700|||||||&#8220; form_field_letter_spacing=&#8220;2px&#8220; form_field_line_height=&#8220;1.8em&#8220; custom_button=&#8220;on&#8220; button_text_size=&#8220;15px&#8220; button_text_color=&#8220;#ffffff&#8220; button_bg_color=&#8220;#ffa727&#8243; button_border_width=&#8220;10px&#8220; button_border_color=&#8220;#ffa727&#8243; button_border_radius=&#8220;100px&#8220; button_letter_spacing=&#8220;5px&#8220; button_font=&#8220;Open Sans|700||on|||||&#8220; button_use_icon=&#8220;off&#8220; button_text_size_last_edited=&#8220;off|desktop&#8220; custom_css_free_form=&#8220;.et-pb-contact-message {||  color : #ffffff;||}&#8220; border_width_bottom=&#8220;2px&#8220; border_color_bottom=&#8220;#ffffff&#8220; form_background_color=&#8220;rgba(0,0,0,0)&#8220; global_colors_info=&#8220;{}&#8220;][et_pb_contact_field field_id=&#8220;Name&#8220; field_title=&#8220;Name&#8220; _builder_version=&#8220;4.27.3&#8243; global_colors_info=&#8220;{}&#8220; button_text_size__hover_enabled=&#8220;off&#8220; button_one_text_size__hover_enabled=&#8220;off&#8220; button_two_text_size__hover_enabled=&#8220;off&#8220; button_text_color__hover_enabled=&#8220;off&#8220; button_one_text_color__hover_enabled=&#8220;off&#8220; button_two_text_color__hover_enabled=&#8220;off&#8220; button_border_width__hover_enabled=&#8220;off&#8220; button_one_border_width__hover_enabled=&#8220;off&#8220; button_two_border_width__hover_enabled=&#8220;off&#8220; button_border_color__hover_enabled=&#8220;off&#8220; button_one_border_color__hover_enabled=&#8220;off&#8220; button_two_border_color__hover_enabled=&#8220;off&#8220; button_border_radius__hover_enabled=&#8220;off&#8220; button_one_border_radius__hover_enabled=&#8220;off&#8220; button_two_border_radius__hover_enabled=&#8220;off&#8220; button_letter_spacing__hover_enabled=&#8220;off&#8220; button_one_letter_spacing__hover_enabled=&#8220;off&#8220; button_two_letter_spacing__hover_enabled=&#8220;off&#8220; button_bg_color__hover_enabled=&#8220;off&#8220; button_one_bg_color__hover_enabled=&#8220;off&#8220; button_two_bg_color__hover_enabled=&#8220;off&#8220;][\/et_pb_contact_field][et_pb_contact_field field_id=&#8220;Email&#8220; field_title=&#8220;E-Mail Adresse&#8220; field_type=&#8220;email&#8220; _builder_version=&#8220;4.27.3&#8243; global_colors_info=&#8220;{}&#8220; button_text_size__hover_enabled=&#8220;off&#8220; button_one_text_size__hover_enabled=&#8220;off&#8220; button_two_text_size__hover_enabled=&#8220;off&#8220; button_text_color__hover_enabled=&#8220;off&#8220; button_one_text_color__hover_enabled=&#8220;off&#8220; button_two_text_color__hover_enabled=&#8220;off&#8220; button_border_width__hover_enabled=&#8220;off&#8220; button_one_border_width__hover_enabled=&#8220;off&#8220; button_two_border_width__hover_enabled=&#8220;off&#8220; button_border_color__hover_enabled=&#8220;off&#8220; button_one_border_color__hover_enabled=&#8220;off&#8220; button_two_border_color__hover_enabled=&#8220;off&#8220; button_border_radius__hover_enabled=&#8220;off&#8220; button_one_border_radius__hover_enabled=&#8220;off&#8220; button_two_border_radius__hover_enabled=&#8220;off&#8220; button_letter_spacing__hover_enabled=&#8220;off&#8220; button_one_letter_spacing__hover_enabled=&#8220;off&#8220; button_two_letter_spacing__hover_enabled=&#8220;off&#8220; button_bg_color__hover_enabled=&#8220;off&#8220; button_one_bg_color__hover_enabled=&#8220;off&#8220; button_two_bg_color__hover_enabled=&#8220;off&#8220;][\/et_pb_contact_field][et_pb_contact_field field_id=&#8220;Message&#8220; field_title=&#8220;Nachricht&#8220; field_type=&#8220;text&#8220; fullwidth_field=&#8220;on&#8220; _builder_version=&#8220;4.27.3&#8243; global_colors_info=&#8220;{}&#8220; button_text_size__hover_enabled=&#8220;off&#8220; button_one_text_size__hover_enabled=&#8220;off&#8220; button_two_text_size__hover_enabled=&#8220;off&#8220; button_text_color__hover_enabled=&#8220;off&#8220; button_one_text_color__hover_enabled=&#8220;off&#8220; button_two_text_color__hover_enabled=&#8220;off&#8220; button_border_width__hover_enabled=&#8220;off&#8220; button_one_border_width__hover_enabled=&#8220;off&#8220; button_two_border_width__hover_enabled=&#8220;off&#8220; button_border_color__hover_enabled=&#8220;off&#8220; button_one_border_color__hover_enabled=&#8220;off&#8220; button_two_border_color__hover_enabled=&#8220;off&#8220; button_border_radius__hover_enabled=&#8220;off&#8220; button_one_border_radius__hover_enabled=&#8220;off&#8220; button_two_border_radius__hover_enabled=&#8220;off&#8220; button_letter_spacing__hover_enabled=&#8220;off&#8220; button_one_letter_spacing__hover_enabled=&#8220;off&#8220; button_two_letter_spacing__hover_enabled=&#8220;off&#8220; button_bg_color__hover_enabled=&#8220;off&#8220; button_one_bg_color__hover_enabled=&#8220;off&#8220; button_two_bg_color__hover_enabled=&#8220;off&#8220;][\/et_pb_contact_field][\/et_pb_contact_form][\/et_pb_column][et_pb_column type=&#8220;1_3&#8243; _builder_version=&#8220;4.16&#8243; custom_padding=&#8220;120px|||&#8220; custom_padding_tablet=&#8220;0px|||&#8220; custom_padding_phone=&#8220;0px|||&#8220; custom_padding_last_edited=&#8220;on|tablet&#8220; global_colors_info=&#8220;{}&#8220; padding_tablet=&#8220;0px|||&#8220; padding_last_edited=&#8220;on|tablet&#8220; custom_padding__hover=&#8220;|||&#8220; padding_phone=&#8220;0px|||&#8220;][et_pb_blurb title=&#8220;Adresse&#8220; use_icon=&#8220;on&#8220; font_icon=&#8220;&#xe081;||divi||400&#8243; icon_color=&#8220;#ffa727&#8243; icon_placement=&#8220;left&#8220; image_icon_width=&#8220;28px&#8220; content_max_width=&#8220;1100px&#8220; _builder_version=&#8220;4.27.3&#8243; header_font=&#8220;Share Tech||||||||&#8220; header_font_size=&#8220;24px&#8220; header_line_height=&#8220;1.2em&#8220; body_font=&#8220;Open Sans||||||||&#8220; body_font_size=&#8220;16px&#8220; body_line_height=&#8220;1.8em&#8220; background_layout=&#8220;dark&#8220; custom_padding=&#8220;|||&#8220; animation_style=&#8220;fold&#8220; animation_delay=&#8220;150ms&#8220; animation=&#8220;off&#8220; hover_enabled=&#8220;0&#8243; icon_font_size=&#8220;28px&#8220; locked=&#8220;off&#8220; global_colors_info=&#8220;{}&#8220; sticky_enabled=&#8220;0&#8243;]<\/p>\n<p><span class=\"cmplz-contact-organisation\">CDsoft, Crispin Derungs<\/span><br \/><span class=\"cmplz-contact-address\">Sandb\u00fcelstrasse 3, 8606 Greifensee<\/span><br \/><span class=\"cmplz-contact-country\">Schweiz<\/span><\/p>\n<p>[\/et_pb_blurb][et_pb_blurb title=&#8220;Telefon&#8220; use_icon=&#8220;on&#8220; font_icon=&#8220;&#xe090;||divi||400&#8243; icon_color=&#8220;#ffa727&#8243; icon_placement=&#8220;left&#8220; image_icon_width=&#8220;28px&#8220; content_max_width=&#8220;1100px&#8220; _builder_version=&#8220;4.16&#8243; header_font=&#8220;Share Tech||||||||&#8220; header_font_size=&#8220;24px&#8220; header_line_height=&#8220;1.2em&#8220; body_font=&#8220;Open Sans||||||||&#8220; body_font_size=&#8220;16px&#8220; body_line_height=&#8220;1.8em&#8220; background_layout=&#8220;dark&#8220; custom_padding=&#8220;|||&#8220; animation_style=&#8220;fold&#8220; animation_delay=&#8220;150ms&#8220; animation=&#8220;off&#8220; icon_font_size=&#8220;28px&#8220; locked=&#8220;off&#8220; global_colors_info=&#8220;{}&#8220;]<\/p>\n<p><strong><span class=\"baec5a81-e4d6-4674-97f3-e9220f0136c1\">+41 79 317 30 53<\/span><\/strong><\/p>\n<p>[\/et_pb_blurb][\/et_pb_column][\/et_pb_row][\/et_pb_section]<\/p>","protected":false},"excerpt":{"rendered":"<p>CDsoft ist eine Unternehmung, die sich auf die Projektierung und die Entwicklung kundenspezifischer Software-L\u00f6sungen konzentriert. Die Hauptbereiche sind: Konzeptionierung und Implementierung von\u2013 Webauftritten\u2013 SharePoint \/ Office 365 L\u00f6sungen\u2013 spezialisierten B\u00fcrol\u00f6sungen Integration von B\u00fcrosoftware und Web Automatisierungen in MS Office-Produkten Sie haben eine kleine oder mittlere Unternehmung und m\u00f6chten eine auf Sie abgestimmte Software, dann sind [&hellip;]<\/p>\n","protected":false},"author":1,"featured_media":0,"parent":0,"menu_order":0,"comment_status":"closed","ping_status":"closed","template":"","meta":{"_et_pb_use_builder":"on","_et_pb_old_content":"<!-- wp:heading -->\n<h2>Massgeschneiderte L\u00f6sungen<\/h2>\n<!-- \/wp:heading -->\n\n<!-- wp:paragraph -->\n<p>CDsoft ist eine Unternehmung, die sich auf die Projektierung und die Entwicklung kundenspezifischer Software-L\u00f6sungen konzentriert. Die Hauptbereiche sind:<\/p>\n<!-- \/wp:paragraph -->\n\n<!-- wp:list {\"className\":\"normallist\"} -->\n<ul class=\"normallist\"><li>Konzeptionierung und Implementierung von<br>- Webauftritten<br>- SharePoint \/ Office 365 L\u00f6sungen<br>- spezialisierten B\u00fcrol\u00f6sungen<\/li><li>Integration von B\u00fcrosoftware und Web<\/li><li>Automatisierungen in MS Office-Produkten<\/li><\/ul>\n<!-- \/wp:list -->\n\n<!-- wp:paragraph -->\n<p>Sie haben eine kleine oder mittlere Unternehmung und m\u00f6chten eine auf Sie abgestimmte Software, dann sind Sie bei uns genau richtig. Auf eine unverbindliche <a href=\"kontakt\">Anfrage<\/a> werden wir schnellstm\u00f6glichst antworten.<\/p>\n<!-- \/wp:paragraph -->\n\n<!-- wp:heading -->\n<h2>Schulungen \/ Beratung<\/h2>\n<!-- \/wp:heading -->\n\n<!-- wp:paragraph -->\n<p>Mit fundierter und langj\u00e4hriger Erfahrung in den Bereichen Microsoft SharePoint, Datenbanken, Internet, Workflow, objektorientiertes Programmieren bieten wir Beratung und Schulungen an in verschiedenen Bereichen:<\/p>\n<!-- \/wp:paragraph -->\n\n<!-- wp:list {\"className\":\"normallist\"} -->\n<ul class=\"normallist\"><li>Office 365<br>- Effizienter Einsatz von Office 365 in Ihrem Unternehmen<br>- Administration von Office 365<\/li><li>Erstellung von Webseiten mit Hilfe von WordPress<br>- Erstellung einfacher Webseiten innert weniger Minuten<br>- Einsatz vorhandener Plugins \/ Themes<br>- Anpassen bestehender Vorlagen<\/li><li>Programmierung<br>- Konzept der objektorientierten Programmierung<br>- Design und Programmierung in C#, Java, Visual Basic<\/li><li>Datenbankprogrammierung am Beispiel MS Access<br>- Datenbankdesign<br>- Erstellung von fortgeschrittenen Formularen und Berichten<br>- Programmierung in VBA<\/li><li>Webentwicklungen<br>- Vorstellung diverser Technologien, wie zum Beispiel HTML, ASP.NET, JSP, PHP, JQuery, Java, JavaScript<\/li><\/ul>\n<!-- \/wp:list -->\n\n<!-- wp:paragraph -->\n<p>Sie haben Interesse an einer Schulung in den obengenannten Bereichen, dann senden Sie uns eine unverbindliche <a href=\"kontakt\">Anfrage<\/a>, die wir schnellstm\u00f6glichst beantworten werden.<\/p>\n<!-- \/wp:paragraph -->","_et_gb_content_width":"","ngg_post_thumbnail":0,"footnotes":""},"class_list":["post-18","page","type-page","status-publish","hentry"],"aioseo_notices":[],"_links":{"self":[{"href":"https:\/\/www.cdsoft.ch\/de\/wp-json\/wp\/v2\/pages\/18","targetHints":{"allow":["GET"]}}],"collection":[{"href":"https:\/\/www.cdsoft.ch\/de\/wp-json\/wp\/v2\/pages"}],"about":[{"href":"https:\/\/www.cdsoft.ch\/de\/wp-json\/wp\/v2\/types\/page"}],"author":[{"embeddable":true,"href":"https:\/\/www.cdsoft.ch\/de\/wp-json\/wp\/v2\/users\/1"}],"replies":[{"embeddable":true,"href":"https:\/\/www.cdsoft.ch\/de\/wp-json\/wp\/v2\/comments?post=18"}],"version-history":[{"count":16,"href":"https:\/\/www.cdsoft.ch\/de\/wp-json\/wp\/v2\/pages\/18\/revisions"}],"predecessor-version":[{"id":531,"href":"https:\/\/www.cdsoft.ch\/de\/wp-json\/wp\/v2\/pages\/18\/revisions\/531"}],"wp:attachment":[{"href":"https:\/\/www.cdsoft.ch\/de\/wp-json\/wp\/v2\/media?parent=18"}],"curies":[{"name":"wp","href":"https:\/\/api.w.org\/{rel}","templated":true}]}}