{"id":55,"date":"2014-08-14T20:03:22","date_gmt":"2014-08-14T18:03:22","guid":{"rendered":"http:\/\/cdsoft.ch\/it\/?page_id=55"},"modified":"2025-01-20T14:13:10","modified_gmt":"2025-01-20T12:13:10","slug":"kontakt","status":"publish","type":"page","link":"https:\/\/www.cdsoft.ch\/de\/kontakt\/","title":{"rendered":"Kontakt"},"content":{"rendered":"<p>[et_pb_section fb_built=&#8220;1&#8243; fullwidth=&#8220;on&#8220; admin_label=&#8220;Hero&#8220; _builder_version=&#8220;4.27.3&#8243; background_image=&#8220;https:\/\/www.cdsoft.ch\/de\/wp-content\/uploads\/2024\/11\/pexels-godiatima-5223887.jpg&#8220; parallax=&#8220;on&#8220; custom_padding=&#8220;0px|0|0px|0px|false|false&#8220; global_colors_info=&#8220;{}&#8220;][et_pb_fullwidth_header title=&#8220;Kontakt&#8220; text_orientation=&#8220;center&#8220; admin_label=&#8220;Fullwidth Header&#8220; _builder_version=&#8220;4.27.3&#8243; title_font=&#8220;Share Tech||||||||&#8220; title_text_align=&#8220;center&#8220; title_font_size=&#8220;80px&#8220; title_line_height=&#8220;1.2em&#8220; content_font=&#8220;Open Sans||||||||&#8220; content_text_align=&#8220;center&#8220; content_font_size=&#8220;18px&#8220; content_line_height=&#8220;1.8em&#8220; background_color=&#8220;rgba(0,0,0,0)&#8220; use_background_color_gradient=&#8220;on&#8220; background_color_gradient_direction=&#8220;140deg&#8220; background_color_gradient_stops=&#8220;rgba(0,72,114,0.9) 0%|rgba(41,17,96,0.8) 100%&#8220; background_color_gradient_start=&#8220;rgba(0,72,114,0.9)&#8220; background_color_gradient_end=&#8220;rgba(41,17,96,0.8)&#8220; parallax=&#8220;on&#8220; parallax_method=&#8220;on&#8220; custom_button_one=&#8220;on&#8220; button_one_text_size=&#8220;15px&#8220; button_one_bg_color=&#8220;#ffa727&#8243; button_one_border_width=&#8220;15px&#8220; button_one_border_color=&#8220;#ffa727&#8243; button_one_border_radius=&#8220;100px&#8220; button_one_letter_spacing=&#8220;5px&#8220; button_one_font=&#8220;Open Sans|700||on|||||&#8220; custom_margin=&#8220;|||&#8220; custom_padding=&#8220;1vw||1vw||true|false&#8220; custom_padding_tablet=&#8220;100px||100px||true&#8220; custom_padding_phone=&#8220;|||&#8220; custom_padding_last_edited=&#8220;on|desktop&#8220; title_font_size_tablet=&#8220;60px&#8220; title_font_size_phone=&#8220;36px&#8220; title_font_size_last_edited=&#8220;on|phone&#8220; content_font_size_tablet=&#8220;&#8220; content_font_size_phone=&#8220;16px&#8220; content_font_size_last_edited=&#8220;on|phone&#8220; button_one_text_size_tablet=&#8220;&#8220; button_one_text_size_phone=&#8220;&#8220; button_one_text_size_last_edited=&#8220;on|desktop&#8220; button_one_border_color_hover=&#8220;#ff8a3d&#8220; button_one_border_radius_hover=&#8220;100px&#8220; button_one_letter_spacing_hover=&#8220;5px&#8220; button_one_bg_color_hover=&#8220;#ff8a3d&#8220; global_colors_info=&#8220;{}&#8220; button_one_text_size__hover_enabled=&#8220;off&#8220; button_two_text_size__hover_enabled=&#8220;off&#8220; button_one_text_color__hover_enabled=&#8220;off&#8220; button_two_text_color__hover_enabled=&#8220;off&#8220; button_one_border_width__hover_enabled=&#8220;off&#8220; button_two_border_width__hover_enabled=&#8220;off&#8220; button_one_border_color__hover_enabled=&#8220;on&#8220; button_one_border_color__hover=&#8220;#ff8a3d&#8220; button_two_border_color__hover_enabled=&#8220;off&#8220; button_one_border_radius__hover_enabled=&#8220;on&#8220; button_one_border_radius__hover=&#8220;100px&#8220; button_two_border_radius__hover_enabled=&#8220;off&#8220; button_one_letter_spacing__hover_enabled=&#8220;on&#8220; button_one_letter_spacing__hover=&#8220;5px&#8220; button_two_letter_spacing__hover_enabled=&#8220;off&#8220; button_one_bg_color__hover_enabled=&#8220;on&#8220; button_one_bg_color__hover=&#8220;#ff8a3d&#8220; button_two_bg_color__hover_enabled=&#8220;off&#8220;][\/et_pb_fullwidth_header][\/et_pb_section][et_pb_section fb_built=&#8220;1&#8243; admin_label=&#8220;Our Services&#8220; _builder_version=&#8220;4.27.3&#8243; custom_margin=&#8220;||-60px||false|false&#8220; custom_padding=&#8220;0px||||false|false&#8220; global_colors_info=&#8220;{}&#8220;][et_pb_row _builder_version=&#8220;4.27.3&#8243; _module_preset=&#8220;default&#8220; global_colors_info=&#8220;{}&#8220;][et_pb_column type=&#8220;4_4&#8243; _builder_version=&#8220;4.27.3&#8243; _module_preset=&#8220;default&#8220; global_colors_info=&#8220;{}&#8220;][\/et_pb_column][\/et_pb_row][\/et_pb_section][et_pb_section fb_built=&#8220;1&#8243; custom_padding_last_edited=&#8220;off|desktop&#8220; admin_label=&#8220;Footer&#8220; _builder_version=&#8220;4.27.3&#8243; use_background_color_gradient=&#8220;on&#8220; background_color_gradient_direction=&#8220;140deg&#8220; background_color_gradient_stops=&#8220;#004872 0%|rgba(41,17,96,0.8) 100%&#8220; background_color_gradient_overlays_image=&#8220;on&#8220; background_color_gradient_start=&#8220;#004872&#8243; background_color_gradient_end=&#8220;rgba(41,17,96,0.8)&#8220; background_image=&#8220;https:\/\/www.cdsoft.ch\/de\/wp-content\/uploads\/2024\/11\/pexels-ron-lach-9783346.jpg&#8220; custom_margin=&#8220;|||&#8220; custom_padding=&#8220;120px|0px|120px|0px|true|false&#8220; custom_padding_tablet=&#8220;10vw||10vw||true&#8220; custom_padding_phone=&#8220;5vw||5vw||true&#8220; locked=&#8220;off&#8220; global_colors_info=&#8220;{}&#8220;][et_pb_row column_structure=&#8220;2_3,1_3&#8243; use_custom_gutter=&#8220;on&#8220; _builder_version=&#8220;4.16&#8243; custom_padding=&#8220;|||&#8220; use_custom_width=&#8220;on&#8220; global_colors_info=&#8220;{}&#8220;][et_pb_column type=&#8220;2_3&#8243; _builder_version=&#8220;4.16&#8243; custom_padding=&#8220;|||&#8220; global_colors_info=&#8220;{}&#8220; custom_padding__hover=&#8220;|||&#8220;][et_pb_contact_form use_spam_service=&#8220;on&#8220; recaptcha_list=&#8220;cdsoft|cdsoft-0&#8243; email=&#8220;<span class=\"oe_textdirection\">&#x68;&#x63;&#x2e;&#x74;&#x66;&#x6f;&#x73;&#x64;&#x63;<span class=\"oe_displaynone\">null<\/span>&#x40;&#x73;&#x67;&#x6e;&#x75;&#x72;&#x65;&#x64;<\/span>&#8220; title=&#8220;Wir beraten Sie gerne&#8220; success_message=&#8220;Vielen Dank f\u00fcr Ihre Anfrage. Wir melden uns in den n\u00e4chsten Tagen bei Ihnen und verbleiben mit Freundlichen Gr\u00fcssen.&#8220; submit_button_text=&#8220;Nachricht senden&#8220; module_id=&#8220;et_pb_contact_form_0&#8243; _builder_version=&#8220;4.27.3&#8243; form_field_background_color=&#8220;rgba(0,0,0,0.19)&#8220; form_field_text_color=&#8220;#ffffff&#8220; form_field_focus_background_color=&#8220;rgba(255,255,255,0.16)&#8220; form_field_focus_text_color=&#8220;#FFFFFF&#8220; title_level=&#8220;h2&#8243; title_font=&#8220;Share Tech||||||||&#8220; title_text_color=&#8220;#ffffff&#8220; title_font_size=&#8220;50px&#8220; title_line_height=&#8220;1.2em&#8220; captcha_text_color=&#8220;#FFFFFF&#8220; form_field_font=&#8220;Open Sans|700|||||||&#8220; form_field_letter_spacing=&#8220;2px&#8220; form_field_line_height=&#8220;1.8em&#8220; custom_button=&#8220;on&#8220; button_text_size=&#8220;15px&#8220; button_text_color=&#8220;#ffffff&#8220; button_bg_color=&#8220;#ffa727&#8243; button_border_width=&#8220;10px&#8220; button_border_color=&#8220;#ffa727&#8243; button_border_radius=&#8220;100px&#8220; button_letter_spacing=&#8220;5px&#8220; button_font=&#8220;Open Sans|700||on|||||&#8220; button_use_icon=&#8220;off&#8220; button_text_size_last_edited=&#8220;off|desktop&#8220; custom_css_free_form=&#8220;.et-pb-contact-message {||  color : #ffffff;||}&#8220; border_width_bottom=&#8220;2px&#8220; border_color_bottom=&#8220;#ffffff&#8220; form_background_color=&#8220;rgba(0,0,0,0)&#8220; global_colors_info=&#8220;{}&#8220;][et_pb_contact_field field_id=&#8220;Name&#8220; field_title=&#8220;Name&#8220; _builder_version=&#8220;4.27.3&#8243; global_colors_info=&#8220;{}&#8220; button_text_size__hover_enabled=&#8220;off&#8220; button_one_text_size__hover_enabled=&#8220;off&#8220; button_two_text_size__hover_enabled=&#8220;off&#8220; button_text_color__hover_enabled=&#8220;off&#8220; button_one_text_color__hover_enabled=&#8220;off&#8220; button_two_text_color__hover_enabled=&#8220;off&#8220; button_border_width__hover_enabled=&#8220;off&#8220; button_one_border_width__hover_enabled=&#8220;off&#8220; button_two_border_width__hover_enabled=&#8220;off&#8220; button_border_color__hover_enabled=&#8220;off&#8220; button_one_border_color__hover_enabled=&#8220;off&#8220; button_two_border_color__hover_enabled=&#8220;off&#8220; button_border_radius__hover_enabled=&#8220;off&#8220; button_one_border_radius__hover_enabled=&#8220;off&#8220; button_two_border_radius__hover_enabled=&#8220;off&#8220; button_letter_spacing__hover_enabled=&#8220;off&#8220; button_one_letter_spacing__hover_enabled=&#8220;off&#8220; button_two_letter_spacing__hover_enabled=&#8220;off&#8220; button_bg_color__hover_enabled=&#8220;off&#8220; button_one_bg_color__hover_enabled=&#8220;off&#8220; button_two_bg_color__hover_enabled=&#8220;off&#8220;][\/et_pb_contact_field][et_pb_contact_field field_id=&#8220;Email&#8220; field_title=&#8220;E-Mail Adresse&#8220; field_type=&#8220;email&#8220; _builder_version=&#8220;4.27.3&#8243; global_colors_info=&#8220;{}&#8220; button_text_size__hover_enabled=&#8220;off&#8220; button_one_text_size__hover_enabled=&#8220;off&#8220; button_two_text_size__hover_enabled=&#8220;off&#8220; button_text_color__hover_enabled=&#8220;off&#8220; button_one_text_color__hover_enabled=&#8220;off&#8220; button_two_text_color__hover_enabled=&#8220;off&#8220; button_border_width__hover_enabled=&#8220;off&#8220; button_one_border_width__hover_enabled=&#8220;off&#8220; button_two_border_width__hover_enabled=&#8220;off&#8220; button_border_color__hover_enabled=&#8220;off&#8220; button_one_border_color__hover_enabled=&#8220;off&#8220; button_two_border_color__hover_enabled=&#8220;off&#8220; button_border_radius__hover_enabled=&#8220;off&#8220; button_one_border_radius__hover_enabled=&#8220;off&#8220; button_two_border_radius__hover_enabled=&#8220;off&#8220; button_letter_spacing__hover_enabled=&#8220;off&#8220; button_one_letter_spacing__hover_enabled=&#8220;off&#8220; button_two_letter_spacing__hover_enabled=&#8220;off&#8220; button_bg_color__hover_enabled=&#8220;off&#8220; button_one_bg_color__hover_enabled=&#8220;off&#8220; button_two_bg_color__hover_enabled=&#8220;off&#8220;][\/et_pb_contact_field][et_pb_contact_field field_id=&#8220;Message&#8220; field_title=&#8220;Nachricht&#8220; field_type=&#8220;text&#8220; fullwidth_field=&#8220;on&#8220; _builder_version=&#8220;4.27.3&#8243; global_colors_info=&#8220;{}&#8220; button_text_size__hover_enabled=&#8220;off&#8220; button_one_text_size__hover_enabled=&#8220;off&#8220; button_two_text_size__hover_enabled=&#8220;off&#8220; button_text_color__hover_enabled=&#8220;off&#8220; button_one_text_color__hover_enabled=&#8220;off&#8220; button_two_text_color__hover_enabled=&#8220;off&#8220; button_border_width__hover_enabled=&#8220;off&#8220; button_one_border_width__hover_enabled=&#8220;off&#8220; button_two_border_width__hover_enabled=&#8220;off&#8220; button_border_color__hover_enabled=&#8220;off&#8220; button_one_border_color__hover_enabled=&#8220;off&#8220; button_two_border_color__hover_enabled=&#8220;off&#8220; button_border_radius__hover_enabled=&#8220;off&#8220; button_one_border_radius__hover_enabled=&#8220;off&#8220; button_two_border_radius__hover_enabled=&#8220;off&#8220; button_letter_spacing__hover_enabled=&#8220;off&#8220; button_one_letter_spacing__hover_enabled=&#8220;off&#8220; button_two_letter_spacing__hover_enabled=&#8220;off&#8220; button_bg_color__hover_enabled=&#8220;off&#8220; button_one_bg_color__hover_enabled=&#8220;off&#8220; button_two_bg_color__hover_enabled=&#8220;off&#8220;][\/et_pb_contact_field][\/et_pb_contact_form][\/et_pb_column][et_pb_column type=&#8220;1_3&#8243; _builder_version=&#8220;4.16&#8243; custom_padding=&#8220;120px|||&#8220; custom_padding_tablet=&#8220;0px|||&#8220; custom_padding_phone=&#8220;0px|||&#8220; custom_padding_last_edited=&#8220;on|tablet&#8220; global_colors_info=&#8220;{}&#8220; padding_tablet=&#8220;0px|||&#8220; padding_last_edited=&#8220;on|tablet&#8220; custom_padding__hover=&#8220;|||&#8220; padding_phone=&#8220;0px|||&#8220;][et_pb_blurb title=&#8220;Adresse&#8220; use_icon=&#8220;on&#8220; font_icon=&#8220;&#xe081;||divi||400&#8243; icon_color=&#8220;#ffa727&#8243; icon_placement=&#8220;left&#8220; image_icon_width=&#8220;28px&#8220; content_max_width=&#8220;1100px&#8220; title_tablet=&#8220;Adresse&#8220; title_last_edited=&#8220;on|desktop&#8220; _builder_version=&#8220;4.27.4&#8243; header_font=&#8220;Share Tech||||||||&#8220; header_font_size=&#8220;24px&#8220; header_line_height=&#8220;1.2em&#8220; body_font=&#8220;Open Sans||||||||&#8220; body_font_size=&#8220;16px&#8220; body_line_height=&#8220;1.8em&#8220; background_layout=&#8220;dark&#8220; custom_padding=&#8220;|||&#8220; animation_style=&#8220;fold&#8220; animation_delay=&#8220;150ms&#8220; animation=&#8220;off&#8220; hover_enabled=&#8220;0&#8243; icon_font_size=&#8220;28px&#8220; locked=&#8220;off&#8220; global_colors_info=&#8220;{}&#8220; sticky_enabled=&#8220;0&#8243; title_phone=&#8220;Adresse&#8220;]<\/p>\n<p><span class=\"cmplz-contact-organisation\">CDsoft, Crispin Derungs<\/span><br \/><span class=\"cmplz-contact-address\">Sandb\u00fcelstrasse 3, 8606 Greifensee<\/span><br \/><span class=\"cmplz-contact-country\">Schweiz<\/span><\/p>\n<p>[\/et_pb_blurb][et_pb_blurb title=&#8220;Telefon&#8220; use_icon=&#8220;on&#8220; font_icon=&#8220;&#xe090;||divi||400&#8243; icon_color=&#8220;#ffa727&#8243; icon_placement=&#8220;left&#8220; image_icon_width=&#8220;28px&#8220; content_max_width=&#8220;1100px&#8220; _builder_version=&#8220;4.16&#8243; header_font=&#8220;Share Tech||||||||&#8220; header_font_size=&#8220;24px&#8220; header_line_height=&#8220;1.2em&#8220; body_font=&#8220;Open Sans||||||||&#8220; body_font_size=&#8220;16px&#8220; body_line_height=&#8220;1.8em&#8220; background_layout=&#8220;dark&#8220; custom_padding=&#8220;|||&#8220; animation_style=&#8220;fold&#8220; animation_delay=&#8220;150ms&#8220; animation=&#8220;off&#8220; icon_font_size=&#8220;28px&#8220; locked=&#8220;off&#8220; global_colors_info=&#8220;{}&#8220;]<\/p>\n<p><strong><span class=\"baec5a81-e4d6-4674-97f3-e9220f0136c1\">+41 79 317 30 53<\/span><\/strong><\/p>\n<p>[\/et_pb_blurb][\/et_pb_column][\/et_pb_row][\/et_pb_section]<\/p>","protected":false},"excerpt":{"rendered":"<p>CDsoft, Crispin DerungsSandb\u00fcelstrasse 3, 8606 GreifenseeSchweiz+41 79 317 30 53<\/p>\n","protected":false},"author":1,"featured_media":0,"parent":0,"menu_order":0,"comment_status":"closed","ping_status":"closed","template":"","meta":{"_et_pb_use_builder":"on","_et_pb_old_content":"Wir sind in Greifensee, Z\u00fcrich zu Hause. Sie erreichen uns per\n<strong>Mobile <span class=\"baec5a81-e4d6-4674-97f3-e9220f0136c1\" style=\"white-space: nowrap;\">+41 79 317 30 53<a style=\"margin: 0px; border: currentColor; left: 0px; top: 0px; width: 16px; height: 16px; right: 0px; bottom: 0px; overflow: hidden; vertical-align: middle; float: none; display: inline; white-space: nowrap; position: static !important;\" title=\"Call: +41 79 317 30 53\" href=\"#\"><img style=\"margin: 0px; border: currentColor; left: 0px; top: 0px; width: 16px; height: 16px; right: 0px; bottom: 0px; overflow: hidden; vertical-align: middle; float: none; display: inline; white-space: nowrap; position: static !important;\" title=\"Call: +41 79 317 30 53\" src=\"data:image\/png;base64,iVBORw0KGgoAAAANSUhEUgAAABAAAAAQCAYAAAAf8\/9hAAAACXBIWXMAAA7EAAAOxAGVKw4bAAAKT2lDQ1BQaG90b3Nob3AgSUNDIHByb2ZpbGUAAHjanVNnVFPpFj333vRCS4iAlEtvUhUIIFJCi4AUkSYqIQkQSoghodkVUcERRUUEG8igiAOOjoCMFVEsDIoK2AfkIaKOg6OIisr74Xuja9a89+bN\/rXXPues852zzwfACAyWSDNRNYAMqUIeEeCDx8TG4eQuQIEKJHAAEAizZCFz\/SMBAPh+PDwrIsAHvgABeNMLCADATZvAMByH\/w\/qQplcAYCEAcB0kThLCIAUAEB6jkKmAEBGAYCdmCZTAKAEAGDLY2LjAFAtAGAnf+bTAICd+Jl7AQBblCEVAaCRACATZYhEAGg7AKzPVopFAFgwABRmS8Q5ANgtADBJV2ZIALC3AMDOEAuyAAgMADBRiIUpAAR7AGDIIyN4AISZABRG8lc88SuuEOcqAAB4mbI8uSQ5RYFbCC1xB1dXLh4ozkkXKxQ2YQJhmkAuwnmZGTKBNA\/g88wAAKCRFRHgg\/P9eM4Ors7ONo62Dl8t6r8G\/yJiYuP+5c+rcEAAAOF0ftH+LC+zGoA7BoBt\/qIl7gRoXgugdfeLZrIPQLUAoOnaV\/Nw+H48PEWhkLnZ2eXk5NhKxEJbYcpXff5nwl\/AV\/1s+X48\/Pf14L7iJIEyXYFHBPjgwsz0TKUcz5IJhGLc5o9H\/LcL\/\/wd0yLESWK5WCoU41EScY5EmozzMqUiiUKSKcUl0v9k4t8s+wM+3zUAsGo+AXuRLahdYwP2SycQWHTA4vcAAPK7b8HUKAgDgGiD4c93\/+8\/\/UegJQCAZkmScQAAXkQkLlTKsz\/HCAAARKCBKrBBG\/TBGCzABhzBBdzBC\/xgNoRCJMTCQhBCCmSAHHJgKayCQiiGzbAdKmAv1EAdNMBRaIaTcA4uwlW4Dj1wD\/phCJ7BKLyBCQRByAgTYSHaiAFiilgjjggXmYX4IcFIBBKLJCDJiBRRIkuRNUgxUopUIFVIHfI9cgI5h1xGupE7yAAygvyGvEcxlIGyUT3UDLVDuag3GoRGogvQZHQxmo8WoJvQcrQaPYw2oefQq2gP2o8+Q8cwwOgYBzPEbDAuxsNCsTgsCZNjy7EirAyrxhqwVqwDu4n1Y8+xdwQSgUXACTYEd0IgYR5BSFhMWE7YSKggHCQ0EdoJNwkDhFHCJyKTqEu0JroR+cQYYjIxh1hILCPWEo8TLxB7iEPENyQSiUMyJ7mQAkmxpFTSEtJG0m5SI+ksqZs0SBojk8naZGuyBzmULCAryIXkneTD5DPkG+Qh8lsKnWJAcaT4U+IoUspqShnlEOU05QZlmDJBVaOaUt2ooVQRNY9aQq2htlKvUYeoEzR1mjnNgxZJS6WtopXTGmgXaPdpr+h0uhHdlR5Ol9BX0svpR+iX6AP0dwwNhhWDx4hnKBmbGAcYZxl3GK+YTKYZ04sZx1QwNzHrmOeZD5lvVVgqtip8FZHKCpVKlSaVGyovVKmqpqreqgtV81XLVI+pXlN9rkZVM1PjqQnUlqtVqp1Q61MbU2epO6iHqmeob1Q\/pH5Z\/YkGWcNMw09DpFGgsV\/jvMYgC2MZs3gsIWsNq4Z1gTXEJrHN2Xx2KruY\/R27iz2qqaE5QzNKM1ezUvOUZj8H45hx+Jx0TgnnKKeX836K3hTvKeIpG6Y0TLkxZVxrqpaXllirSKtRq0frvTau7aedpr1Fu1n7gQ5Bx0onXCdHZ4\/OBZ3nU9lT3acKpxZNPTr1ri6qa6UbobtEd79up+6Ynr5egJ5Mb6feeb3n+hx9L\/1U\/W36p\/VHDFgGswwkBtsMzhg8xTVxbzwdL8fb8VFDXcNAQ6VhlWGX4YSRudE8o9VGjUYPjGnGXOMk423GbcajJgYmISZLTepN7ppSTbmmKaY7TDtMx83MzaLN1pk1mz0x1zLnm+eb15vft2BaeFostqi2uGVJsuRaplnutrxuhVo5WaVYVVpds0atna0l1rutu6cRp7lOk06rntZnw7Dxtsm2qbcZsOXYBtuutm22fWFnYhdnt8Wuw+6TvZN9un2N\/T0HDYfZDqsdWh1+c7RyFDpWOt6azpzuP33F9JbpL2dYzxDP2DPjthPLKcRpnVOb00dnF2e5c4PziIuJS4LLLpc+Lpsbxt3IveRKdPVxXeF60vWdm7Obwu2o26\/uNu5p7ofcn8w0nymeWTNz0MPIQ+BR5dE\/C5+VMGvfrH5PQ0+BZ7XnIy9jL5FXrdewt6V3qvdh7xc+9j5yn+M+4zw33jLeWV\/MN8C3yLfLT8Nvnl+F30N\/I\/9k\/3r\/0QCngCUBZwOJgUGBWwL7+Hp8Ib+OPzrbZfay2e1BjKC5QRVBj4KtguXBrSFoyOyQrSH355jOkc5pDoVQfujW0Adh5mGLw34MJ4WHhVeGP45wiFga0TGXNXfR3ENz30T6RJZE3ptnMU85ry1KNSo+qi5qPNo3ujS6P8YuZlnM1VidWElsSxw5LiquNm5svt\/87fOH4p3iC+N7F5gvyF1weaHOwvSFpxapLhIsOpZATIhOOJTwQRAqqBaMJfITdyWOCnnCHcJnIi\/RNtGI2ENcKh5O8kgqTXqS7JG8NXkkxTOlLOW5hCepkLxMDUzdmzqeFpp2IG0yPTq9MYOSkZBxQqohTZO2Z+pn5mZ2y6xlhbL+xW6Lty8elQfJa7OQrAVZLQq2QqboVFoo1yoHsmdlV2a\/zYnKOZarnivN7cyzytuQN5zvn\/\/tEsIS4ZK2pYZLVy0dWOa9rGo5sjxxedsK4xUFK4ZWBqw8uIq2Km3VT6vtV5eufr0mek1rgV7ByoLBtQFr6wtVCuWFfevc1+1dT1gvWd+1YfqGnRs+FYmKrhTbF5cVf9go3HjlG4dvyr+Z3JS0qavEuWTPZtJm6ebeLZ5bDpaql+aXDm4N2dq0Dd9WtO319kXbL5fNKNu7g7ZDuaO\/PLi8ZafJzs07P1SkVPRU+lQ27tLdtWHX+G7R7ht7vPY07NXbW7z3\/T7JvttVAVVN1WbVZftJ+7P3P66Jqun4lvttXa1ObXHtxwPSA\/0HIw6217nU1R3SPVRSj9Yr60cOxx++\/p3vdy0NNg1VjZzG4iNwRHnk6fcJ3\/ceDTradox7rOEH0x92HWcdL2pCmvKaRptTmvtbYlu6T8w+0dbq3nr8R9sfD5w0PFl5SvNUyWna6YLTk2fyz4ydlZ19fi753GDborZ752PO32oPb++6EHTh0kX\/i+c7vDvOXPK4dPKy2+UTV7hXmq86X23qdOo8\/pPTT8e7nLuarrlca7nuer21e2b36RueN87d9L158Rb\/1tWeOT3dvfN6b\/fF9\/XfFt1+cif9zsu72Xcn7q28T7xf9EDtQdlD3YfVP1v+3Njv3H9qwHeg89HcR\/cGhYPP\/pH1jw9DBY+Zj8uGDYbrnjg+OTniP3L96fynQ89kzyaeF\/6i\/suuFxYvfvjV69fO0ZjRoZfyl5O\/bXyl\/erA6xmv28bCxh6+yXgzMV70VvvtwXfcdx3vo98PT+R8IH8o\/2j5sfVT0Kf7kxmTk\/8EA5jz\/GMzLdsAAAAgY0hSTQAAeiUAAICDAAD5\/wAAgOkAAHUwAADqYAAAOpgAABdvkl\/FRgAAAaNJREFUeNqk009oz3Ecx\/HH9\/P9\/YQRWSi2MGmNrebkpJgSLluKEw5Kk5zUsgMOTrO42MUVxUWRg+LgaPWbUGq7rRk7sExKNPt9vx8H32l921z2vrw+n3fvz\/Pz\/vP5JDFGy7HKwk1\/fz\/sR09VNjAZG6fv1buQHcZm3P8vAMfwCKswncoHCn8nbuAratiEUQglwLXiMJz\/FhvWYC9OFb4htBV6B9VyBtsKzRJxbDhvbSS5i1kcQo736MNrjJcBeaG3MuFyInagA0fwckHcGzzGiXIJU38bk1U+x3W+x7U\/yOvYU4prwG5MlAHPoS4925TMNDeHLxNUh0gGcRC9eFqk34TBMuAhfmL9b5Vz3elIbAmfLq02d4HQhbc4gBYcxUgZMFrcIJecrsgaT6avdl6sPqu1hw9XSWs4U5Q6udgYFfP+he25MEysVWQvutORLcfTYax4gn3z\/VoM8A7Xi\/WuKNmQCRujpLc1TGkP46hOI1sKADdxG3PzjkzoTNCT1rSFiX+PuLIEoI4rGC+6\/xEPMsFKs7YmM8bsAMlyf2OwTPszAMZMeayGCpJVAAAAAElFTkSuQmCC\" alt=\"\"><\/a><\/span><\/strong>,\n<strong>Telefon <span class=\"baec5a81-e4d6-4674-97f3-e9220f0136c1\" style=\"white-space: nowrap;\">+41 444 00 52 41<a style=\"margin: 0px; border: currentColor; left: 0px; top: 0px; width: 16px; height: 16px; right: 0px; bottom: 0px; overflow: hidden; vertical-align: middle; float: none; display: inline; white-space: nowrap; position: static !important;\" title=\"Call: +41 444 00 52 41\" href=\"#\"><img style=\"margin: 0px; border: currentColor; left: 0px; top: 0px; width: 16px; height: 16px; right: 0px; bottom: 0px; overflow: hidden; vertical-align: middle; float: none; display: inline; white-space: nowrap; position: static !important;\" title=\"Call: +41 444 00 52 41\" src=\"data:image\/png;base64,iVBORw0KGgoAAAANSUhEUgAAABAAAAAQCAYAAAAf8\/9hAAAACXBIWXMAAA7EAAAOxAGVKw4bAAAKT2lDQ1BQaG90b3Nob3AgSUNDIHByb2ZpbGUAAHjanVNnVFPpFj333vRCS4iAlEtvUhUIIFJCi4AUkSYqIQkQSoghodkVUcERRUUEG8igiAOOjoCMFVEsDIoK2AfkIaKOg6OIisr74Xuja9a89+bN\/rXXPues852zzwfACAyWSDNRNYAMqUIeEeCDx8TG4eQuQIEKJHAAEAizZCFz\/SMBAPh+PDwrIsAHvgABeNMLCADATZvAMByH\/w\/qQplcAYCEAcB0kThLCIAUAEB6jkKmAEBGAYCdmCZTAKAEAGDLY2LjAFAtAGAnf+bTAICd+Jl7AQBblCEVAaCRACATZYhEAGg7AKzPVopFAFgwABRmS8Q5ANgtADBJV2ZIALC3AMDOEAuyAAgMADBRiIUpAAR7AGDIIyN4AISZABRG8lc88SuuEOcqAAB4mbI8uSQ5RYFbCC1xB1dXLh4ozkkXKxQ2YQJhmkAuwnmZGTKBNA\/g88wAAKCRFRHgg\/P9eM4Ors7ONo62Dl8t6r8G\/yJiYuP+5c+rcEAAAOF0ftH+LC+zGoA7BoBt\/qIl7gRoXgugdfeLZrIPQLUAoOnaV\/Nw+H48PEWhkLnZ2eXk5NhKxEJbYcpXff5nwl\/AV\/1s+X48\/Pf14L7iJIEyXYFHBPjgwsz0TKUcz5IJhGLc5o9H\/LcL\/\/wd0yLESWK5WCoU41EScY5EmozzMqUiiUKSKcUl0v9k4t8s+wM+3zUAsGo+AXuRLahdYwP2SycQWHTA4vcAAPK7b8HUKAgDgGiD4c93\/+8\/\/UegJQCAZkmScQAAXkQkLlTKsz\/HCAAARKCBKrBBG\/TBGCzABhzBBdzBC\/xgNoRCJMTCQhBCCmSAHHJgKayCQiiGzbAdKmAv1EAdNMBRaIaTcA4uwlW4Dj1wD\/phCJ7BKLyBCQRByAgTYSHaiAFiilgjjggXmYX4IcFIBBKLJCDJiBRRIkuRNUgxUopUIFVIHfI9cgI5h1xGupE7yAAygvyGvEcxlIGyUT3UDLVDuag3GoRGogvQZHQxmo8WoJvQcrQaPYw2oefQq2gP2o8+Q8cwwOgYBzPEbDAuxsNCsTgsCZNjy7EirAyrxhqwVqwDu4n1Y8+xdwQSgUXACTYEd0IgYR5BSFhMWE7YSKggHCQ0EdoJNwkDhFHCJyKTqEu0JroR+cQYYjIxh1hILCPWEo8TLxB7iEPENyQSiUMyJ7mQAkmxpFTSEtJG0m5SI+ksqZs0SBojk8naZGuyBzmULCAryIXkneTD5DPkG+Qh8lsKnWJAcaT4U+IoUspqShnlEOU05QZlmDJBVaOaUt2ooVQRNY9aQq2htlKvUYeoEzR1mjnNgxZJS6WtopXTGmgXaPdpr+h0uhHdlR5Ol9BX0svpR+iX6AP0dwwNhhWDx4hnKBmbGAcYZxl3GK+YTKYZ04sZx1QwNzHrmOeZD5lvVVgqtip8FZHKCpVKlSaVGyovVKmqpqreqgtV81XLVI+pXlN9rkZVM1PjqQnUlqtVqp1Q61MbU2epO6iHqmeob1Q\/pH5Z\/YkGWcNMw09DpFGgsV\/jvMYgC2MZs3gsIWsNq4Z1gTXEJrHN2Xx2KruY\/R27iz2qqaE5QzNKM1ezUvOUZj8H45hx+Jx0TgnnKKeX836K3hTvKeIpG6Y0TLkxZVxrqpaXllirSKtRq0frvTau7aedpr1Fu1n7gQ5Bx0onXCdHZ4\/OBZ3nU9lT3acKpxZNPTr1ri6qa6UbobtEd79up+6Ynr5egJ5Mb6feeb3n+hx9L\/1U\/W36p\/VHDFgGswwkBtsMzhg8xTVxbzwdL8fb8VFDXcNAQ6VhlWGX4YSRudE8o9VGjUYPjGnGXOMk423GbcajJgYmISZLTepN7ppSTbmmKaY7TDtMx83MzaLN1pk1mz0x1zLnm+eb15vft2BaeFostqi2uGVJsuRaplnutrxuhVo5WaVYVVpds0atna0l1rutu6cRp7lOk06rntZnw7Dxtsm2qbcZsOXYBtuutm22fWFnYhdnt8Wuw+6TvZN9un2N\/T0HDYfZDqsdWh1+c7RyFDpWOt6azpzuP33F9JbpL2dYzxDP2DPjthPLKcRpnVOb00dnF2e5c4PziIuJS4LLLpc+Lpsbxt3IveRKdPVxXeF60vWdm7Obwu2o26\/uNu5p7ofcn8w0nymeWTNz0MPIQ+BR5dE\/C5+VMGvfrH5PQ0+BZ7XnIy9jL5FXrdewt6V3qvdh7xc+9j5yn+M+4zw33jLeWV\/MN8C3yLfLT8Nvnl+F30N\/I\/9k\/3r\/0QCngCUBZwOJgUGBWwL7+Hp8Ib+OPzrbZfay2e1BjKC5QRVBj4KtguXBrSFoyOyQrSH355jOkc5pDoVQfujW0Adh5mGLw34MJ4WHhVeGP45wiFga0TGXNXfR3ENz30T6RJZE3ptnMU85ry1KNSo+qi5qPNo3ujS6P8YuZlnM1VidWElsSxw5LiquNm5svt\/87fOH4p3iC+N7F5gvyF1weaHOwvSFpxapLhIsOpZATIhOOJTwQRAqqBaMJfITdyWOCnnCHcJnIi\/RNtGI2ENcKh5O8kgqTXqS7JG8NXkkxTOlLOW5hCepkLxMDUzdmzqeFpp2IG0yPTq9MYOSkZBxQqohTZO2Z+pn5mZ2y6xlhbL+xW6Lty8elQfJa7OQrAVZLQq2QqboVFoo1yoHsmdlV2a\/zYnKOZarnivN7cyzytuQN5zvn\/\/tEsIS4ZK2pYZLVy0dWOa9rGo5sjxxedsK4xUFK4ZWBqw8uIq2Km3VT6vtV5eufr0mek1rgV7ByoLBtQFr6wtVCuWFfevc1+1dT1gvWd+1YfqGnRs+FYmKrhTbF5cVf9go3HjlG4dvyr+Z3JS0qavEuWTPZtJm6ebeLZ5bDpaql+aXDm4N2dq0Dd9WtO319kXbL5fNKNu7g7ZDuaO\/PLi8ZafJzs07P1SkVPRU+lQ27tLdtWHX+G7R7ht7vPY07NXbW7z3\/T7JvttVAVVN1WbVZftJ+7P3P66Jqun4lvttXa1ObXHtxwPSA\/0HIw6217nU1R3SPVRSj9Yr60cOxx++\/p3vdy0NNg1VjZzG4iNwRHnk6fcJ3\/ceDTradox7rOEH0x92HWcdL2pCmvKaRptTmvtbYlu6T8w+0dbq3nr8R9sfD5w0PFl5SvNUyWna6YLTk2fyz4ydlZ19fi753GDborZ752PO32oPb++6EHTh0kX\/i+c7vDvOXPK4dPKy2+UTV7hXmq86X23qdOo8\/pPTT8e7nLuarrlca7nuer21e2b36RueN87d9L158Rb\/1tWeOT3dvfN6b\/fF9\/XfFt1+cif9zsu72Xcn7q28T7xf9EDtQdlD3YfVP1v+3Njv3H9qwHeg89HcR\/cGhYPP\/pH1jw9DBY+Zj8uGDYbrnjg+OTniP3L96fynQ89kzyaeF\/6i\/suuFxYvfvjV69fO0ZjRoZfyl5O\/bXyl\/erA6xmv28bCxh6+yXgzMV70VvvtwXfcdx3vo98PT+R8IH8o\/2j5sfVT0Kf7kxmTk\/8EA5jz\/GMzLdsAAAAgY0hSTQAAeiUAAICDAAD5\/wAAgOkAAHUwAADqYAAAOpgAABdvkl\/FRgAAAaNJREFUeNqk009oz3Ecx\/HH9\/P9\/YQRWSi2MGmNrebkpJgSLluKEw5Kk5zUsgMOTrO42MUVxUWRg+LgaPWbUGq7rRk7sExKNPt9vx8H32l921z2vrw+n3fvz\/Pz\/vP5JDFGy7HKwk1\/fz\/sR09VNjAZG6fv1buQHcZm3P8vAMfwCKswncoHCn8nbuAratiEUQglwLXiMJz\/FhvWYC9OFb4htBV6B9VyBtsKzRJxbDhvbSS5i1kcQo736MNrjJcBeaG3MuFyInagA0fwckHcGzzGiXIJU38bk1U+x3W+x7U\/yOvYU4prwG5MlAHPoS4925TMNDeHLxNUh0gGcRC9eFqk34TBMuAhfmL9b5Vz3elIbAmfLq02d4HQhbc4gBYcxUgZMFrcIJecrsgaT6avdl6sPqu1hw9XSWs4U5Q6udgYFfP+he25MEysVWQvutORLcfTYax4gn3z\/VoM8A7Xi\/WuKNmQCRujpLc1TGkP46hOI1sKADdxG3PzjkzoTNCT1rSFiX+PuLIEoI4rGC+6\/xEPMsFKs7YmM8bsAMlyf2OwTPszAMZMeayGCpJVAAAAAElFTkSuQmCC\" alt=\"\"><\/a><\/span> <\/strong>\noder per folgendem Webformular.\n\n<strong>Unverbindliche Anfrage:<\/strong>\n\n[contact-form-7 id=\"47\" title=\"Kontakt\"]","_et_gb_content_width":"","ngg_post_thumbnail":0,"footnotes":""},"class_list":["post-55","page","type-page","status-publish","hentry"],"aioseo_notices":[],"_links":{"self":[{"href":"https:\/\/www.cdsoft.ch\/de\/wp-json\/wp\/v2\/pages\/55","targetHints":{"allow":["GET"]}}],"collection":[{"href":"https:\/\/www.cdsoft.ch\/de\/wp-json\/wp\/v2\/pages"}],"about":[{"href":"https:\/\/www.cdsoft.ch\/de\/wp-json\/wp\/v2\/types\/page"}],"author":[{"embeddable":true,"href":"https:\/\/www.cdsoft.ch\/de\/wp-json\/wp\/v2\/users\/1"}],"replies":[{"embeddable":true,"href":"https:\/\/www.cdsoft.ch\/de\/wp-json\/wp\/v2\/comments?post=55"}],"version-history":[{"count":22,"href":"https:\/\/www.cdsoft.ch\/de\/wp-json\/wp\/v2\/pages\/55\/revisions"}],"predecessor-version":[{"id":537,"href":"https:\/\/www.cdsoft.ch\/de\/wp-json\/wp\/v2\/pages\/55\/revisions\/537"}],"wp:attachment":[{"href":"https:\/\/www.cdsoft.ch\/de\/wp-json\/wp\/v2\/media?parent=55"}],"curies":[{"name":"wp","href":"https:\/\/api.w.org\/{rel}","templated":true}]}}